{"id":2395,"date":"2019-07-15T20:21:13","date_gmt":"2019-07-15T18:21:13","guid":{"rendered":"https:\/\/annandaniel.com\/contact\/"},"modified":"2023-06-20T16:00:14","modified_gmt":"2023-06-20T14:00:14","slug":"contact","status":"publish","type":"page","link":"https:\/\/annandaniel.com\/es\/contact\/","title":{"rendered":"Contacto"},"content":{"rendered":"\n<h2 class=\"wp-block-heading\">Informaci\u00f3n<\/h2>\n\n\n\n<p class=\"simple_spacing\">Anna Dev\u00eds y Daniel Rueda<br>Calle de Sagunto 97, bajo<br>Valencia, Espa\u00f1a (46009)<br>+34 607 628 400<br><a href=\"mailto:info@annandaniel.com\">info@annandaniel.com<\/a><\/p>\n\n\n\n<h2 class=\"wp-block-heading\">Redes sociales<\/h2>\n\n\n\n<p class=\"simple_spacing\"><a href=\"https:\/\/www.instagram.com\/anniset\">instagram.com\/anniset<\/a><br><a href=\"http:\/\/instagram.com\/drcuerda\">instagram.com\/drcuerda<\/a><\/p>\n\n\n\n<h2 class=\"wp-block-heading\">Colaboraciones<\/h2>\n\n\n\n<p class=\"simple_spacing\"><em>Fickle Fish Media<\/em> <br>Berlin, Alemania <br>+49 173 570 3935<br><a href=\"mailto:info@annandaniel.com\">valeriiamukhai@ficklefishmedia.com<\/a><\/p>\n\n\n\n<p><\/p>\n\n\n\n<h2 class=\"wp-block-heading\">Galer\u00edas de Arte<\/h2>\n\n\n\n<p class=\"simple_spacing\"><em>Think + Feel Contemporary<\/em> <em><br><\/em>Miami, Florida (EEUU) <br>+1 (202) 256-2960<br><a href=\"mailto:silvia@thinkfeelart.com\">silvia@thinkfeelart.com<\/a><br><strong>\u00a0<\/strong><br><em><em>Mika Gallery<\/em><br><\/em>Tel Aviv, Israel<br>+972 54-7608111 <br><a href=\"mailto:shlomi@mikagallery.co.il\">shlomi@mikagallery.co.il<\/a> <\/p>\n","protected":false},"excerpt":{"rendered":"<p>Informaci\u00f3n Anna Dev\u00eds y Daniel RuedaCalle de Sagunto 97, bajoValencia, Espa\u00f1a (46009)+34 607 628 400info@annandaniel.com Redes sociales instagram.com\/annisetinstagram.com\/drcuerda Colaboraciones Fickle&#8230;<\/p>\n","protected":false},"author":1,"featured_media":0,"parent":0,"menu_order":31,"comment_status":"closed","ping_status":"closed","template":"template-generic.php","meta":{"_acf_changed":false,"footnotes":""},"class_list":["post-2395","page","type-page","status-publish","hentry"],"acf":[],"yoast_head":"<!-- This site is optimized with the Yoast SEO plugin v26.9 - https:\/\/yoast.com\/product\/yoast-seo-wordpress\/ -->\n<title>Contacto | Anna Dev\u00eds and Daniel Rueda<\/title>\n<meta name=\"robots\" content=\"index, follow, max-snippet:-1, max-image-preview:large, max-video-preview:-1\" \/>\n<link rel=\"canonical\" href=\"https:\/\/annandaniel.com\/es\/contact\/\" \/>\n<meta property=\"og:locale\" content=\"es_ES\" \/>\n<meta property=\"og:type\" content=\"article\" \/>\n<meta property=\"og:title\" content=\"Contacto | Anna Dev\u00eds and Daniel Rueda\" \/>\n<meta property=\"og:description\" content=\"Informaci\u00f3n Anna Dev\u00eds y Daniel RuedaCalle de Sagunto 97, bajoValencia, Espa\u00f1a (46009)+34 607 628 400info@annandaniel.com Redes sociales instagram.com\/annisetinstagram.com\/drcuerda Colaboraciones Fickle...\" \/>\n<meta property=\"og:url\" content=\"https:\/\/annandaniel.com\/es\/contact\/\" \/>\n<meta property=\"og:site_name\" content=\"Anna Dev\u00eds and Daniel Rueda\" \/>\n<meta property=\"article:publisher\" content=\"https:\/\/www.facebook.com\/anniset.drcuerda\/\" \/>\n<meta property=\"article:modified_time\" content=\"2023-06-20T14:00:14+00:00\" \/>\n<meta name=\"twitter:card\" content=\"summary_large_image\" \/>\n<meta name=\"twitter:label1\" content=\"Tiempo de lectura\" \/>\n\t<meta name=\"twitter:data1\" content=\"1 minuto\" \/>\n<script type=\"application\/ld+json\" class=\"yoast-schema-graph\">{\"@context\":\"https:\/\/schema.org\",\"@graph\":[{\"@type\":\"WebPage\",\"@id\":\"https:\/\/annandaniel.com\/es\/contact\/\",\"url\":\"https:\/\/annandaniel.com\/es\/contact\/\",\"name\":\"Contacto | Anna Dev\u00eds and Daniel Rueda\",\"isPartOf\":{\"@id\":\"https:\/\/annandaniel.com\/es\/#website\"},\"datePublished\":\"2019-07-15T18:21:13+00:00\",\"dateModified\":\"2023-06-20T14:00:14+00:00\",\"breadcrumb\":{\"@id\":\"https:\/\/annandaniel.com\/es\/contact\/#breadcrumb\"},\"inLanguage\":\"es\",\"potentialAction\":[{\"@type\":\"ReadAction\",\"target\":[\"https:\/\/annandaniel.com\/es\/contact\/\"]}]},{\"@type\":\"BreadcrumbList\",\"@id\":\"https:\/\/annandaniel.com\/es\/contact\/#breadcrumb\",\"itemListElement\":[{\"@type\":\"ListItem\",\"position\":1,\"name\":\"Portada\",\"item\":\"https:\/\/annandaniel.com\/es\/\"},{\"@type\":\"ListItem\",\"position\":2,\"name\":\"Contacto\"}]},{\"@type\":\"WebSite\",\"@id\":\"https:\/\/annandaniel.com\/es\/#website\",\"url\":\"https:\/\/annandaniel.com\/es\/\",\"name\":\"Anna Dev\u00eds and Daniel Rueda\",\"description\":\"Creative duo Anna Dev\u00eds and Daniel Rueda tell stories through fun and surprising images taken in unexpected locations from all around the world.\",\"potentialAction\":[{\"@type\":\"SearchAction\",\"target\":{\"@type\":\"EntryPoint\",\"urlTemplate\":\"https:\/\/annandaniel.com\/es\/?s={search_term_string}\"},\"query-input\":{\"@type\":\"PropertyValueSpecification\",\"valueRequired\":true,\"valueName\":\"search_term_string\"}}],\"inLanguage\":\"es\"}]}<\/script>\n<!-- \/ Yoast SEO plugin. -->","yoast_head_json":{"title":"Contacto | Anna Dev\u00eds and Daniel Rueda","robots":{"index":"index","follow":"follow","max-snippet":"max-snippet:-1","max-image-preview":"max-image-preview:large","max-video-preview":"max-video-preview:-1"},"canonical":"https:\/\/annandaniel.com\/es\/contact\/","og_locale":"es_ES","og_type":"article","og_title":"Contacto | Anna Dev\u00eds and Daniel Rueda","og_description":"Informaci\u00f3n Anna Dev\u00eds y Daniel RuedaCalle de Sagunto 97, bajoValencia, Espa\u00f1a (46009)+34 607 628 400info@annandaniel.com Redes sociales instagram.com\/annisetinstagram.com\/drcuerda Colaboraciones Fickle...","og_url":"https:\/\/annandaniel.com\/es\/contact\/","og_site_name":"Anna Dev\u00eds and Daniel Rueda","article_publisher":"https:\/\/www.facebook.com\/anniset.drcuerda\/","article_modified_time":"2023-06-20T14:00:14+00:00","twitter_card":"summary_large_image","twitter_misc":{"Tiempo de lectura":"1 minuto"},"schema":{"@context":"https:\/\/schema.org","@graph":[{"@type":"WebPage","@id":"https:\/\/annandaniel.com\/es\/contact\/","url":"https:\/\/annandaniel.com\/es\/contact\/","name":"Contacto | Anna Dev\u00eds and Daniel Rueda","isPartOf":{"@id":"https:\/\/annandaniel.com\/es\/#website"},"datePublished":"2019-07-15T18:21:13+00:00","dateModified":"2023-06-20T14:00:14+00:00","breadcrumb":{"@id":"https:\/\/annandaniel.com\/es\/contact\/#breadcrumb"},"inLanguage":"es","potentialAction":[{"@type":"ReadAction","target":["https:\/\/annandaniel.com\/es\/contact\/"]}]},{"@type":"BreadcrumbList","@id":"https:\/\/annandaniel.com\/es\/contact\/#breadcrumb","itemListElement":[{"@type":"ListItem","position":1,"name":"Portada","item":"https:\/\/annandaniel.com\/es\/"},{"@type":"ListItem","position":2,"name":"Contacto"}]},{"@type":"WebSite","@id":"https:\/\/annandaniel.com\/es\/#website","url":"https:\/\/annandaniel.com\/es\/","name":"Anna Dev\u00eds and Daniel Rueda","description":"Creative duo Anna Dev\u00eds and Daniel Rueda tell stories through fun and surprising images taken in unexpected locations from all around the world.","potentialAction":[{"@type":"SearchAction","target":{"@type":"EntryPoint","urlTemplate":"https:\/\/annandaniel.com\/es\/?s={search_term_string}"},"query-input":{"@type":"PropertyValueSpecification","valueRequired":true,"valueName":"search_term_string"}}],"inLanguage":"es"}]}},"_links":{"self":[{"href":"https:\/\/annandaniel.com\/es\/wp-json\/wp\/v2\/pages\/2395","targetHints":{"allow":["GET"]}}],"collection":[{"href":"https:\/\/annandaniel.com\/es\/wp-json\/wp\/v2\/pages"}],"about":[{"href":"https:\/\/annandaniel.com\/es\/wp-json\/wp\/v2\/types\/page"}],"author":[{"embeddable":true,"href":"https:\/\/annandaniel.com\/es\/wp-json\/wp\/v2\/users\/1"}],"replies":[{"embeddable":true,"href":"https:\/\/annandaniel.com\/es\/wp-json\/wp\/v2\/comments?post=2395"}],"version-history":[{"count":0,"href":"https:\/\/annandaniel.com\/es\/wp-json\/wp\/v2\/pages\/2395\/revisions"}],"wp:attachment":[{"href":"https:\/\/annandaniel.com\/es\/wp-json\/wp\/v2\/media?parent=2395"}],"curies":[{"name":"wp","href":"https:\/\/api.w.org\/{rel}","templated":true}]}}