{"id":2396,"date":"2019-07-15T20:16:09","date_gmt":"2019-07-15T18:16:09","guid":{"rendered":"https:\/\/annandaniel.com\/about\/"},"modified":"2025-09-05T20:00:43","modified_gmt":"2025-09-05T18:00:43","slug":"nosotros","status":"publish","type":"page","link":"https:\/\/annandaniel.com\/es\/nosotros\/","title":{"rendered":"Nosotros"},"content":{"rendered":"\n<h2 class=\"wp-block-heading\"><\/h2>\n\n\n\n<p><img decoding=\"async\" class=\"wp-image-653\" style=\"width: 1280px;\" src=\"https:\/\/annandaniel.com\/wp-content\/uploads\/2021\/11\/Anna-and-Daniel_anniset-drcuerda_portrait.jpg\" alt=\"Annandaniel Anna Dev\u00eds Daniel Rueda Anniset DrCuerda Portrait Artists Creative Duo Instagram Spain Valencia Minimal\"><\/p>\n\n\n\n<h2 class=\"wp-block-heading\">Biograf\u00eda<\/h2>\n\n\n\n<p>Anna Dev\u00eds y Daniel Rueda son dos j\u00f3venes fot\u00f3grafos espa\u00f1oles, embajadores de Hasselblad y que tambi\u00e9n han sido recientemente incluidos en la lista Forbes 30 under 30 en la categor\u00eda de Arte y Cultura. Se conocieron mientras estudiaban en la Universitat Polit\u00e8cnica de Val\u00e8ncia, donde se graduaron en la Escuela de Arquitectura. En la actualidad, este d\u00fao creativo emplea su conocimiento arquitect\u00f3nico para contar historias a trav\u00e9s de im\u00e1genes divertidas y sorprendentes, alej\u00e1ndose de la fotograf\u00eda convencional de arquitectura.<br>Su estilo distintivo se caracteriza por un sentido del humor visual, creatividad, precisi\u00f3n y una est\u00e9tica delicada inspirada en la geometr\u00eda, el minimalismo y la ciudad. Combinando su percepci\u00f3n espacial y su visi\u00f3n art\u00edstica, basada principalmente en formas sencillas y patrones audaces, han logrado crear narrativas magn\u00e9ticas y alegres que inteligentemente sugieren tanto la naturaleza de las relaciones humanas como la fascinaci\u00f3n por el entorno urbano.<br>Aunque parezca sorprendente o dif\u00edcil de creer, Anna y Daniel logran crear estas escenas surrealistas sin utilizar ning\u00fan tipo de software. En su lugar, construyen la escena in situ utilizando todo tipo de objetos cotidianos, ubicaciones inesperadas e ingentes cantidades de luz natural.<\/p>\n\n\n\n<h2 class=\"wp-block-heading\">Clientes destacados<\/h2>\n\n\n\n<p class=\"simple_spacing\">Netflix<br>Disney<br>Facebook<br>AT&amp;T<br>Hasselblad<br>Pantone<br>Tencent<br>Adobe<br>Smart<br>CNN<br>LG Signature<br>Swatch<br>Ruinart<br>Nissan<br>Huawei<\/p>\n\n\n\n<h2 class=\"wp-block-heading\">Prensa destacada<\/h2>\n\n\n\n<p class=\"simple_spacing\"><a href=\"https:\/\/www.theguardian.com\/artanddesign\/gallery\/2021\/oct\/30\/hats-off-to-artists-anna-devis-and-daniel-rueda-in-pictures\">Hats Off to artists Dev\u00eds and Rueda<\/a>. The Guardian.<br><a href=\"https:\/\/www.thisiscolossal.com\/2021\/07\/daniel-rueda-anna-devis\/\">Architecture turned into playful portraits<\/a>. Colossal.<br><a href=\"https:\/\/www.visualpleasuremag.com\/magazine\/annandaniel\">Street Photography Meets Ephemeral Art<\/a>. Visual Pleasure.<a href=\"https:\/\/www.visualpleasuremag.com\/magazine\/annandaniel\"><br><\/a><a href=\"https:\/\/elpais.com\/elpais\/2019\/12\/23\/album\/1577118984_558226.html\">Curio-cities<\/a>. El Pa\u00eds.<br><a href=\"https:\/\/www.forbes.com\/sites\/isabellekliger\/2020\/09\/03\/spanish-creative-duo-capture-the-beauty-of-architecture-through-their-travel-inspired-photography\/#2205253a6530\">The Beauty of Architecture<\/a>. Forbes.<br><a href=\"https:\/\/www.hasselblad.com\/stories\/daniel-rueda-anna-devis\/\">Playing with Architecture<\/a>. Hasselblad.<br><a href=\"http:\/\/www.fubiz.net\/en\/2020\/05\/31\/amazing-architectural-photography-by-anna-devis-and-daniel-rueda-2\/\">Amazing Architectural Photography.<\/a> Fubiz.<br><a href=\"https:\/\/mymodernmet.com\/anna-devis-daniel-rueda-architectural-photos\/\">Playful Architecture<\/a>. My Modern Met.<br><a href=\"https:\/\/www.topys.cn\/article\/31970\">\u6781\u7b80\u4e3b\u4e49\u521b\u610f\u8da3\u5473\u6444\u5f71<\/a>. Topys. <br><a href=\"https:\/\/www.lg.com\/global\/lg-signature\/brand\/art-culture\/anna-devis-and-daniel-rueda\">A delicate aesthetic<\/a>. LG Signature.<br><a href=\"https:\/\/culturainquieta.com\/es\/foto\/item\/12010-los-autorretratos-arquitectonicos-de-anna-devis-y-daniel-rueda.html\">Juegos Arquitect\u00f3nicos<\/a>. El Mundo.<br><a href=\"https:\/\/www.asianpaints.com\/colourquotient\/showcase\/photostories-daniel-rueda-and-anna-devs-are-the-duo-behind-some-of-the-most-recognisable-images-on-instagram\/\">Photostories<\/a>. <g class=\"gr_ gr_34 gr-alert gr_spell gr_inline_cards gr_disable_anim_appear ContextualSpelling ins-del multiReplace\" id=\"34\" data-gr-id=\"34\">Asianpaints<\/g>.<br><a href=\"https:\/\/elviajero.elpais.com\/elviajero\/2017\/10\/16\/album\/1508156788_763487.html#foto_gal_1\">Trampantojos Urbanos<\/a>. El Viajero.<br><a href=\"https:\/\/www.welt.de\/icon\/partnerschaft\/article182236078\/Optische-Effekte-Ein-Architektenpaar-zeigt-wie-Instagram-auch-funktioniert.html\">Optische Effekte<\/a>. Welt.<br><a href=\"https:\/\/minus37.com\/2018\/10\/09\/daniel-rueda-anna-devis-the-minimal-and-colorful-imaginaries\/\">The Minimal and Colorful Imaginaries<\/a>. Minus 37.<br><a href=\"http:\/\/www.vervemagazine.in\/arts-and-culture\/all-work-and-more-play-daniel-rueda-and-anna-devis\">All Work and More Play<\/a>. Verve Magazine.<br><a href=\"https:\/\/minimalism.life\/journal\/interview-in-conversation-with-daniel-rueda\">In Conversation with Annandaniel<\/a>. Minimalism.life.<\/p>\n\n\n\n<h2 class=\"wp-block-heading\">Publicaciones destacadas<\/h2>\n\n\n\n<p class=\"simple_spacing\">2022. <a href=\"https:\/\/graffica.info\/tienda\/revista-graffica-27-quien-es-quien\/\">Gr\u00e0ffica<\/a>. N\u00ba 27. Espa\u00f1a.<br>2021. <a href=\"https:\/\/www.fotografaremag.it\/arretrati\/numero-20-giugno-2021\/\">Fotografare<\/a>. N\u00ba 20. Italia.<br>2021. <a href=\"https:\/\/professionalphoto.online\/store\/professional-photo-182-print\/\">Professional Photo<\/a>. N\u00ba 128. Reino Unido.<br>2021. <a href=\"https:\/\/www.thefluxreview.com\/store\/\">The FLUX Review<\/a>. N\u00ba 3. Reino Unido.<br>2020. <a href=\"https:\/\/shop.aestheticamagazine.com\/collections\/aesthetica-issues\/products\/aesthetica-magazine-issue-95\">Aesthetica Magazine<\/a>. N\u00ba 95. EEUU.<br>2019. <a href=\"http:\/\/www.sandupublishing.com\/en\/book\/detail-104.html\">The Curated Lens<\/a>. Hong Kong.<br>2019. <a href=\"https:\/\/www.experimenta.es\/tienda\/producto\/experimenta-81\/\">Experimenta<\/a>. N\u00ba81. Espa\u00f1a.<br>2018. <a href=\"http:\/\/www.victionary.com\/product\/insta-perfect\/\"><g class=\"gr_ gr_778 gr-alert gr_spell gr_inline_cards gr_disable_anim_appear ContextualSpelling ins-del multiReplace\" id=\"778\" data-gr-id=\"778\">Insta<\/g>-Perfect<\/a>. Hong Kong.<br>2018. <a href=\"http:\/\/photographyisart.com\/preview_issue_All_en.html?ve=top#top_issue_9\">Photography Is Art<\/a>.  N\u00ba9. Hong Kong.<br>2018. <a href=\"https:\/\/shop.surfacemag.com\/issues\/no-145-jan-feb-2018\">Surface<\/a>. N\u00ba145. <g class=\"gr_ gr_15407 gr-alert gr_gramm gr_inline_cards gr_disable_anim_appear Grammar only-ins replaceWithoutSep\" id=\"15407\" data-gr-id=\"15407\">EEUU<\/g>.<br>2018. <a href=\"https:\/\/feeldesain.squarespace.com\/shop\/issue02\">Feel Desain<\/a>. N\u00ba2. Italia.<br>2018. <a href=\"http:\/\/seasons-project.ru\/magazine\/year-2018\/zhurnal-44-martaprel\">Seasons<\/a>. N\u00ba44. Rusia.<br>2018. <a href=\"https:\/\/issuu.com\/archimedia.uz\/docs\/archikultura_magazine__2_web\">Archikultura<\/a>. N\u00ba2. Uzbekistan.<br>2018. <a href=\"https:\/\/www.drassana.net\/product-page\/lletraferit-14\">Lletraferit<\/a>. N\u00ba14. Espa\u00f1a.<br>2018. <a href=\"https:\/\/issuu.com\/icom_ua\/docs\/intercity_onboard_magazine_january_\">Intercity<\/a>. January issue. <g class=\"gr_ gr_14483 gr-alert gr_spell gr_inline_cards gr_disable_anim_appear ContextualSpelling ins-del multiReplace\" id=\"14483\" data-gr-id=\"14483\">Ucrania<\/g>. <br>2017. <a href=\"https:\/\/spainmedia.es\/store\/revistas\/t-magazine\/t-magazine-08\/\">New York Times Style<\/a>. N\u00ba8. Espa\u00f1a.<\/p>\n\n\n\n<h2 class=\"wp-block-heading\">Conferencias destacadas<\/h2>\n\n\n\n<p class=\"simple_spacing\">2023. Madrid, SP. <em>TEDxUFV<\/em>.<br>2022. Valencia, SP. <em>Flama Fest.<\/em><br>2021. Beijin, CN. <em>MindTalk by Topys.<\/em><br>2021. Madrid, SP. <em>Inspirathon.<\/em> <br>2019. Valencia, SP. <em>Gr\u00e0ffica Talks<\/em>.<br>2019. Barcelona, SP. <em>Found! CaixaForum<\/em>.<br>2019. Mijas, SP. <em>Photofestival<\/em>. <br>2019. Estambul, TR. <em>Brandweek Facebook Panel<\/em>. <br>2019. Doha, QA. <em>Qatar Foundation Talks<\/em>.<br>2019. Hondarribia, SP. <em>Euskalphoto<\/em>. <br>2019. Mil\u00e1n, IT. <em>Huawei Konsortium<\/em>.<br>2019. Barcelona, ES. <em>Bodaf Europe Convention<\/em>.<br>2018. Sevilla, ES. <em>Congreso Foro de Fot\u00f3grafos<\/em>.<br>2018. Constanza, RO. <em>ZOISS Home Design<\/em>.<br>2018. Viena, AT. <em>Work Better by Better Agency<\/em>.<br>2018. Madrid, ES. <em>MINI Hub Talks<\/em>. <br>2018. Valencia, ES. <em>VI Mostra PAM<\/em>.<br>2018. Barcelona, ES. <em>Roca One Day Design Challenge<\/em>.<br>2017. Madrid, ES. <em>Arquitectura Con E\u00f1e Congress<\/em>. <\/p>\n\n\n\n<h2 class=\"wp-block-heading\">Exposiciones destacadas<\/h2>\n\n\n\n<p class=\"simple_spacing\">2024. Seul, KR. <em>Happygraphers.<\/em><br>2024. Sharjah, AE.\u00a0<em>Xposure<\/em>.<br>2023. Calella, SP. <em>Festimatge<\/em>. <br>2022. Annecy, FR. <em>Festiphoto Menthon St Bernard<\/em>. <br>2021. Bilbao, SP. <em>Bilboargazki<\/em>. <br>2021. Madrid, SP. <em>Callao City Arts<\/em>. <br>2019. Miami, US. <em>Scope Art Show<\/em>.<br>2019. Tel Aviv, IL. <em>Photo Is:rael<\/em>.<br>2019. Maubourguet, FR. <em>Quinzaine de l&#8217;Image<\/em>.<br>2018. Alicante, SP. Fun-damental. <em>Fotomat\u00f3n Festival<\/em>.<br>2018. Cannes, FR. Story Boards. <em>Lions Festival of Creativity<\/em>.<br>2018. Santander, SP. <em>XIV BEAU<\/em>.<br>2018. New Delhi, IN. <em>Moments in Architecture FCDI<\/em>.<br>2017. Tokyo, JP. Tiny People. <em>Artless Appointment Gallery<\/em>.<br>2017. Athens, GR. The Body and the City. <em>Art4more<\/em>.<\/p>\n\n\n\n<h2 class=\"wp-block-heading\">Premios<\/h2>\n\n\n\n<p><a href=\"https:\/\/www.hasselblad.com\/inspiration\/ambassadors\/anna-and-daniel\/\" target=\"_blank\" rel=\"noreferrer noopener\"><em>Hasselblad Global Ambassadors<\/em><\/a>.<br>2024.&nbsp;<em><a href=\"https:\/\/www.fpdgi.org\/es\/actualidad\/noticias\/anuncio-del-premio-princesa-de-girona-arte-2024-en-el-marco-del-acto-central-del-tour-del-talento-en-salamanca-el-princesa-de-girona-congresfest\/\">Finalista Premio Princesa de Girona (Arte).<\/a><\/em><br>2023.&nbsp;<em><a href=\"https:\/\/www.levante-emv.com\/comunitat-valenciana\/2023\/02\/17\/anna-devis-daniel-rueda-premios-talento-joven-cultura-83147912.html\" target=\"_blank\" rel=\"noreferrer noopener\">Premio Talento Joven. Cultura<\/a><\/em>.<br>2021.<em>&nbsp;<a href=\"https:\/\/forbes.es\/forbes-30-under-30-2021\/\" target=\"_blank\" rel=\"noreferrer noopener\">Forbes 30 under 30. (Espa\u00f1a)<\/a><\/em>.<br>2020.&nbsp;<a href=\"https:\/\/www.forbes.com\/30-under-30\/2020\/europe\/art-culture\/#1641e079210d\" target=\"_blank\" rel=\"noreferrer noopener\"><em>Forbes 30 under 30. Arts and Culture. (Europa)<\/em>.<br><\/a>2019.&nbsp;<a href=\"https:\/\/www.hasselblad.com\/inspiration\/heroines\/anna-devis\" target=\"_blank\" rel=\"noreferrer noopener\"><em>Hasselblad Heroine<\/em>s<\/a>.<\/p>\n\n\n\n<h2 class=\"wp-block-heading\">Jurado<\/h2>\n\n\n\n<p class=\"simple_spacing\">2025. <em>Andreu World International Design Contest<\/em>.<br>2024. <em>OnePlus Photography Awards.<\/em><br>2022. <em>Thyssen-Bornemisza Museum<\/em> #VersionaThyssen.<br>2021. <em>Hasselblad Masters Award<\/em>.<br>2021. <em>Open House.<\/em><br>2019. <em>Hasselblad X You<\/em>.<br>2019. <em>IPA Oneshot Street Photo Contest<\/em>.<br><\/p>\n","protected":false},"excerpt":{"rendered":"<p>Biograf\u00eda Anna Dev\u00eds y Daniel Rueda son dos j\u00f3venes fot\u00f3grafos espa\u00f1oles, embajadores de Hasselblad y que tambi\u00e9n han sido recientemente&#8230;<\/p>\n","protected":false},"author":1,"featured_media":0,"parent":0,"menu_order":26,"comment_status":"closed","ping_status":"closed","template":"template-generic.php","meta":{"_acf_changed":false,"footnotes":""},"class_list":["post-2396","page","type-page","status-publish","hentry"],"acf":[],"yoast_head":"<!-- This site is optimized with the Yoast SEO plugin v26.9 - https:\/\/yoast.com\/product\/yoast-seo-wordpress\/ -->\n<title>Nosotros | Anna Dev\u00eds and Daniel Rueda<\/title>\n<meta name=\"robots\" content=\"index, follow, max-snippet:-1, max-image-preview:large, max-video-preview:-1\" \/>\n<link rel=\"canonical\" href=\"https:\/\/annandaniel.com\/es\/nosotros\/\" \/>\n<meta property=\"og:locale\" content=\"es_ES\" \/>\n<meta property=\"og:type\" content=\"article\" \/>\n<meta property=\"og:title\" content=\"Nosotros | Anna Dev\u00eds and Daniel Rueda\" \/>\n<meta property=\"og:description\" content=\"Biograf\u00eda Anna Dev\u00eds y Daniel Rueda son dos j\u00f3venes fot\u00f3grafos espa\u00f1oles, embajadores de Hasselblad y que tambi\u00e9n han sido recientemente...\" \/>\n<meta property=\"og:url\" content=\"https:\/\/annandaniel.com\/es\/nosotros\/\" \/>\n<meta property=\"og:site_name\" content=\"Anna Dev\u00eds and Daniel Rueda\" \/>\n<meta property=\"article:publisher\" content=\"https:\/\/www.facebook.com\/anniset.drcuerda\/\" \/>\n<meta property=\"article:modified_time\" content=\"2025-09-05T18:00:43+00:00\" \/>\n<meta property=\"og:image\" content=\"https:\/\/annandaniel.com\/wp-content\/uploads\/2021\/11\/Anna-and-Daniel_anniset-drcuerda_portrait.jpg\" \/>\n<meta name=\"twitter:card\" content=\"summary_large_image\" \/>\n<meta name=\"twitter:label1\" content=\"Tiempo de lectura\" \/>\n\t<meta name=\"twitter:data1\" content=\"4 minutos\" \/>\n<script type=\"application\/ld+json\" class=\"yoast-schema-graph\">{\"@context\":\"https:\/\/schema.org\",\"@graph\":[{\"@type\":\"WebPage\",\"@id\":\"https:\/\/annandaniel.com\/es\/nosotros\/\",\"url\":\"https:\/\/annandaniel.com\/es\/nosotros\/\",\"name\":\"Nosotros | Anna Dev\u00eds and Daniel Rueda\",\"isPartOf\":{\"@id\":\"https:\/\/annandaniel.com\/es\/#website\"},\"primaryImageOfPage\":{\"@id\":\"https:\/\/annandaniel.com\/es\/nosotros\/#primaryimage\"},\"image\":{\"@id\":\"https:\/\/annandaniel.com\/es\/nosotros\/#primaryimage\"},\"thumbnailUrl\":\"https:\/\/annandaniel.com\/wp-content\/uploads\/2021\/11\/Anna-and-Daniel_anniset-drcuerda_portrait.jpg\",\"datePublished\":\"2019-07-15T18:16:09+00:00\",\"dateModified\":\"2025-09-05T18:00:43+00:00\",\"breadcrumb\":{\"@id\":\"https:\/\/annandaniel.com\/es\/nosotros\/#breadcrumb\"},\"inLanguage\":\"es\",\"potentialAction\":[{\"@type\":\"ReadAction\",\"target\":[\"https:\/\/annandaniel.com\/es\/nosotros\/\"]}]},{\"@type\":\"ImageObject\",\"inLanguage\":\"es\",\"@id\":\"https:\/\/annandaniel.com\/es\/nosotros\/#primaryimage\",\"url\":\"https:\/\/annandaniel.com\/wp-content\/uploads\/2021\/11\/Anna-and-Daniel_anniset-drcuerda_portrait.jpg\",\"contentUrl\":\"https:\/\/annandaniel.com\/wp-content\/uploads\/2021\/11\/Anna-and-Daniel_anniset-drcuerda_portrait.jpg\"},{\"@type\":\"BreadcrumbList\",\"@id\":\"https:\/\/annandaniel.com\/es\/nosotros\/#breadcrumb\",\"itemListElement\":[{\"@type\":\"ListItem\",\"position\":1,\"name\":\"Portada\",\"item\":\"https:\/\/annandaniel.com\/es\/\"},{\"@type\":\"ListItem\",\"position\":2,\"name\":\"Nosotros\"}]},{\"@type\":\"WebSite\",\"@id\":\"https:\/\/annandaniel.com\/es\/#website\",\"url\":\"https:\/\/annandaniel.com\/es\/\",\"name\":\"Anna Dev\u00eds and Daniel Rueda\",\"description\":\"Creative duo Anna Dev\u00eds and Daniel Rueda tell stories through fun and surprising images taken in unexpected locations from all around the world.\",\"potentialAction\":[{\"@type\":\"SearchAction\",\"target\":{\"@type\":\"EntryPoint\",\"urlTemplate\":\"https:\/\/annandaniel.com\/es\/?s={search_term_string}\"},\"query-input\":{\"@type\":\"PropertyValueSpecification\",\"valueRequired\":true,\"valueName\":\"search_term_string\"}}],\"inLanguage\":\"es\"}]}<\/script>\n<!-- \/ Yoast SEO plugin. -->","yoast_head_json":{"title":"Nosotros | Anna Dev\u00eds and Daniel Rueda","robots":{"index":"index","follow":"follow","max-snippet":"max-snippet:-1","max-image-preview":"max-image-preview:large","max-video-preview":"max-video-preview:-1"},"canonical":"https:\/\/annandaniel.com\/es\/nosotros\/","og_locale":"es_ES","og_type":"article","og_title":"Nosotros | Anna Dev\u00eds and Daniel Rueda","og_description":"Biograf\u00eda Anna Dev\u00eds y Daniel Rueda son dos j\u00f3venes fot\u00f3grafos espa\u00f1oles, embajadores de Hasselblad y que tambi\u00e9n han sido recientemente...","og_url":"https:\/\/annandaniel.com\/es\/nosotros\/","og_site_name":"Anna Dev\u00eds and Daniel Rueda","article_publisher":"https:\/\/www.facebook.com\/anniset.drcuerda\/","article_modified_time":"2025-09-05T18:00:43+00:00","og_image":[{"url":"https:\/\/annandaniel.com\/wp-content\/uploads\/2021\/11\/Anna-and-Daniel_anniset-drcuerda_portrait.jpg","type":"","width":"","height":""}],"twitter_card":"summary_large_image","twitter_misc":{"Tiempo de lectura":"4 minutos"},"schema":{"@context":"https:\/\/schema.org","@graph":[{"@type":"WebPage","@id":"https:\/\/annandaniel.com\/es\/nosotros\/","url":"https:\/\/annandaniel.com\/es\/nosotros\/","name":"Nosotros | Anna Dev\u00eds and Daniel Rueda","isPartOf":{"@id":"https:\/\/annandaniel.com\/es\/#website"},"primaryImageOfPage":{"@id":"https:\/\/annandaniel.com\/es\/nosotros\/#primaryimage"},"image":{"@id":"https:\/\/annandaniel.com\/es\/nosotros\/#primaryimage"},"thumbnailUrl":"https:\/\/annandaniel.com\/wp-content\/uploads\/2021\/11\/Anna-and-Daniel_anniset-drcuerda_portrait.jpg","datePublished":"2019-07-15T18:16:09+00:00","dateModified":"2025-09-05T18:00:43+00:00","breadcrumb":{"@id":"https:\/\/annandaniel.com\/es\/nosotros\/#breadcrumb"},"inLanguage":"es","potentialAction":[{"@type":"ReadAction","target":["https:\/\/annandaniel.com\/es\/nosotros\/"]}]},{"@type":"ImageObject","inLanguage":"es","@id":"https:\/\/annandaniel.com\/es\/nosotros\/#primaryimage","url":"https:\/\/annandaniel.com\/wp-content\/uploads\/2021\/11\/Anna-and-Daniel_anniset-drcuerda_portrait.jpg","contentUrl":"https:\/\/annandaniel.com\/wp-content\/uploads\/2021\/11\/Anna-and-Daniel_anniset-drcuerda_portrait.jpg"},{"@type":"BreadcrumbList","@id":"https:\/\/annandaniel.com\/es\/nosotros\/#breadcrumb","itemListElement":[{"@type":"ListItem","position":1,"name":"Portada","item":"https:\/\/annandaniel.com\/es\/"},{"@type":"ListItem","position":2,"name":"Nosotros"}]},{"@type":"WebSite","@id":"https:\/\/annandaniel.com\/es\/#website","url":"https:\/\/annandaniel.com\/es\/","name":"Anna Dev\u00eds and Daniel Rueda","description":"Creative duo Anna Dev\u00eds and Daniel Rueda tell stories through fun and surprising images taken in unexpected locations from all around the world.","potentialAction":[{"@type":"SearchAction","target":{"@type":"EntryPoint","urlTemplate":"https:\/\/annandaniel.com\/es\/?s={search_term_string}"},"query-input":{"@type":"PropertyValueSpecification","valueRequired":true,"valueName":"search_term_string"}}],"inLanguage":"es"}]}},"_links":{"self":[{"href":"https:\/\/annandaniel.com\/es\/wp-json\/wp\/v2\/pages\/2396","targetHints":{"allow":["GET"]}}],"collection":[{"href":"https:\/\/annandaniel.com\/es\/wp-json\/wp\/v2\/pages"}],"about":[{"href":"https:\/\/annandaniel.com\/es\/wp-json\/wp\/v2\/types\/page"}],"author":[{"embeddable":true,"href":"https:\/\/annandaniel.com\/es\/wp-json\/wp\/v2\/users\/1"}],"replies":[{"embeddable":true,"href":"https:\/\/annandaniel.com\/es\/wp-json\/wp\/v2\/comments?post=2396"}],"version-history":[{"count":0,"href":"https:\/\/annandaniel.com\/es\/wp-json\/wp\/v2\/pages\/2396\/revisions"}],"wp:attachment":[{"href":"https:\/\/annandaniel.com\/es\/wp-json\/wp\/v2\/media?parent=2396"}],"curies":[{"name":"wp","href":"https:\/\/api.w.org\/{rel}","templated":true}]}}