{"id":2783,"date":"2023-06-22T18:23:50","date_gmt":"2023-06-22T16:23:50","guid":{"rendered":"https:\/\/annandaniel.com\/shipping-policy\/"},"modified":"2023-09-09T08:29:37","modified_gmt":"2023-09-09T06:29:37","slug":"politica-envios","status":"publish","type":"page","link":"https:\/\/annandaniel.com\/es\/politica-envios\/","title":{"rendered":"Pol\u00edtica de Env\u00edos"},"content":{"rendered":"\n<p><mark style=\"background-color:rgba(0, 0, 0, 0)\" class=\"has-inline-color has-black-color\">Pol\u00edtica de Env\u00edos<\/mark><\/p>\n\n\n\n<p><\/p>\n\n\n\n<div style=\"height:50px\" aria-hidden=\"true\" class=\"wp-block-spacer\"><\/div>\n\n\n\n<p>Todos los productos se env\u00edan directamente desde nuestro estudio en Valencia, Espa\u00f1a. Los costes de env\u00edo se calculan de forma individual en el momento de realizar el pago y dependen del peso y el destino del env\u00edo. Nos esforzamos por enviar todos los pedidos en un plazo de 3 d\u00edas h\u00e1biles. Los tiempos de entrega var\u00edan seg\u00fan la direcci\u00f3n de env\u00edo. Estos son los tiempos estimados de entrega seg\u00fan la opci\u00f3n de env\u00edo seleccionada al realizar el pago:<\/p>\n\n\n\n<div style=\"height:35px\" aria-hidden=\"true\" class=\"wp-block-spacer\"><\/div>\n\n\n\n<p>Env\u00edo Econ\u00f3mico&nbsp;<\/p>\n\n\n\n<blockquote class=\"wp-block-quote is-layout-flow wp-block-quote-is-layout-flow\">\n<p>Espa\u00f1a: Correos Paq Est\u00e1ndar (24h &#8211; 48h)<br>UE: DHL Global Mail&nbsp;(1 &#8211; 2 semanas)<br>Pa\u00edses fuera de la UE: DHL Global Mail&nbsp;(2 &#8211; 3 semanas)<\/p>\n<\/blockquote>\n\n\n\n<div style=\"height:30px\" aria-hidden=\"true\" class=\"wp-block-spacer\"><\/div>\n\n\n\n<p>Env\u00edo Express&nbsp;<\/p>\n\n\n\n<blockquote class=\"wp-block-quote is-layout-flow wp-block-quote-is-layout-flow\">\n<p>UE: DHL Express (24h &#8211; 48h)<br>Pa\u00edses fuera de la UE: DHL Express (24h &#8211; 72h)<\/p>\n<\/blockquote>\n\n\n\n<div style=\"height:31px\" aria-hidden=\"true\" class=\"wp-block-spacer\"><\/div>\n\n\n\n<p>*Global Mail tiene una pol\u00edtica de restricci\u00f3n de 2 kg, por lo que solo podemos enviar un libro por paquete. Si eliges esta opci\u00f3n y realizas un pedido, por ejemplo, de tres libros, los recibir\u00e1s en tres paquetes distintos.<\/p>\n\n\n\n<div style=\"height:30px\" aria-hidden=\"true\" class=\"wp-block-spacer\"><\/div>\n\n\n\n<p>Atenci\u00f3n: Los pedidos entregados fuera de la Uni\u00f3n Europea pueden estar sujetos a derechos de importaci\u00f3n e impuestos. Estos costes son calculados por la aduana una vez que los productos llegan a su destino, y los compradores deben pagar dichas tarifas antes de la entrega. Si tienes cualquier pregunta relacionada con el env\u00edo, por favor, cont\u00e1ctanos en&nbsp;<span style=\"text-decoration: underline;\">info@annandaniel.com<\/span>.<\/p>\n","protected":false},"excerpt":{"rendered":"<p>Pol\u00edtica de Env\u00edos Todos los productos se env\u00edan directamente desde nuestro estudio en Valencia, Espa\u00f1a. Los costes de env\u00edo se&#8230;<\/p>\n","protected":false},"author":2,"featured_media":0,"parent":0,"menu_order":1,"comment_status":"closed","ping_status":"closed","template":"","meta":{"_acf_changed":false,"footnotes":""},"class_list":["post-2783","page","type-page","status-publish","hentry"],"acf":[],"yoast_head":"<!-- This site is optimized with the Yoast SEO plugin v26.9 - https:\/\/yoast.com\/product\/yoast-seo-wordpress\/ -->\n<title>Pol\u00edtica de Env\u00edos | Anna Dev\u00eds and Daniel Rueda<\/title>\n<meta name=\"robots\" content=\"index, follow, max-snippet:-1, max-image-preview:large, max-video-preview:-1\" \/>\n<link rel=\"canonical\" href=\"https:\/\/annandaniel.com\/es\/politica-envios\/\" \/>\n<meta property=\"og:locale\" content=\"es_ES\" \/>\n<meta property=\"og:type\" content=\"article\" \/>\n<meta property=\"og:title\" content=\"Pol\u00edtica de Env\u00edos | Anna Dev\u00eds and Daniel Rueda\" \/>\n<meta property=\"og:description\" content=\"Pol\u00edtica de Env\u00edos Todos los productos se env\u00edan directamente desde nuestro estudio en Valencia, Espa\u00f1a. Los costes de env\u00edo se...\" \/>\n<meta property=\"og:url\" content=\"https:\/\/annandaniel.com\/es\/politica-envios\/\" \/>\n<meta property=\"og:site_name\" content=\"Anna Dev\u00eds and Daniel Rueda\" \/>\n<meta property=\"article:publisher\" content=\"https:\/\/www.facebook.com\/anniset.drcuerda\/\" \/>\n<meta property=\"article:modified_time\" content=\"2023-09-09T06:29:37+00:00\" \/>\n<meta name=\"twitter:card\" content=\"summary_large_image\" \/>\n<meta name=\"twitter:label1\" content=\"Tiempo de lectura\" \/>\n\t<meta name=\"twitter:data1\" content=\"1 minuto\" \/>\n<script type=\"application\/ld+json\" class=\"yoast-schema-graph\">{\"@context\":\"https:\/\/schema.org\",\"@graph\":[{\"@type\":\"WebPage\",\"@id\":\"https:\/\/annandaniel.com\/es\/politica-envios\/\",\"url\":\"https:\/\/annandaniel.com\/es\/politica-envios\/\",\"name\":\"Pol\u00edtica de Env\u00edos | Anna Dev\u00eds and Daniel Rueda\",\"isPartOf\":{\"@id\":\"https:\/\/annandaniel.com\/es\/#website\"},\"datePublished\":\"2023-06-22T16:23:50+00:00\",\"dateModified\":\"2023-09-09T06:29:37+00:00\",\"breadcrumb\":{\"@id\":\"https:\/\/annandaniel.com\/es\/politica-envios\/#breadcrumb\"},\"inLanguage\":\"es\",\"potentialAction\":[{\"@type\":\"ReadAction\",\"target\":[\"https:\/\/annandaniel.com\/es\/politica-envios\/\"]}]},{\"@type\":\"BreadcrumbList\",\"@id\":\"https:\/\/annandaniel.com\/es\/politica-envios\/#breadcrumb\",\"itemListElement\":[{\"@type\":\"ListItem\",\"position\":1,\"name\":\"Portada\",\"item\":\"https:\/\/annandaniel.com\/es\/\"},{\"@type\":\"ListItem\",\"position\":2,\"name\":\"Pol\u00edtica de Env\u00edos\"}]},{\"@type\":\"WebSite\",\"@id\":\"https:\/\/annandaniel.com\/es\/#website\",\"url\":\"https:\/\/annandaniel.com\/es\/\",\"name\":\"Anna Dev\u00eds and Daniel Rueda\",\"description\":\"Creative duo Anna Dev\u00eds and Daniel Rueda tell stories through fun and surprising images taken in unexpected locations from all around the world.\",\"potentialAction\":[{\"@type\":\"SearchAction\",\"target\":{\"@type\":\"EntryPoint\",\"urlTemplate\":\"https:\/\/annandaniel.com\/es\/?s={search_term_string}\"},\"query-input\":{\"@type\":\"PropertyValueSpecification\",\"valueRequired\":true,\"valueName\":\"search_term_string\"}}],\"inLanguage\":\"es\"}]}<\/script>\n<!-- \/ Yoast SEO plugin. -->","yoast_head_json":{"title":"Pol\u00edtica de Env\u00edos | Anna Dev\u00eds and Daniel Rueda","robots":{"index":"index","follow":"follow","max-snippet":"max-snippet:-1","max-image-preview":"max-image-preview:large","max-video-preview":"max-video-preview:-1"},"canonical":"https:\/\/annandaniel.com\/es\/politica-envios\/","og_locale":"es_ES","og_type":"article","og_title":"Pol\u00edtica de Env\u00edos | Anna Dev\u00eds and Daniel Rueda","og_description":"Pol\u00edtica de Env\u00edos Todos los productos se env\u00edan directamente desde nuestro estudio en Valencia, Espa\u00f1a. Los costes de env\u00edo se...","og_url":"https:\/\/annandaniel.com\/es\/politica-envios\/","og_site_name":"Anna Dev\u00eds and Daniel Rueda","article_publisher":"https:\/\/www.facebook.com\/anniset.drcuerda\/","article_modified_time":"2023-09-09T06:29:37+00:00","twitter_card":"summary_large_image","twitter_misc":{"Tiempo de lectura":"1 minuto"},"schema":{"@context":"https:\/\/schema.org","@graph":[{"@type":"WebPage","@id":"https:\/\/annandaniel.com\/es\/politica-envios\/","url":"https:\/\/annandaniel.com\/es\/politica-envios\/","name":"Pol\u00edtica de Env\u00edos | Anna Dev\u00eds and Daniel Rueda","isPartOf":{"@id":"https:\/\/annandaniel.com\/es\/#website"},"datePublished":"2023-06-22T16:23:50+00:00","dateModified":"2023-09-09T06:29:37+00:00","breadcrumb":{"@id":"https:\/\/annandaniel.com\/es\/politica-envios\/#breadcrumb"},"inLanguage":"es","potentialAction":[{"@type":"ReadAction","target":["https:\/\/annandaniel.com\/es\/politica-envios\/"]}]},{"@type":"BreadcrumbList","@id":"https:\/\/annandaniel.com\/es\/politica-envios\/#breadcrumb","itemListElement":[{"@type":"ListItem","position":1,"name":"Portada","item":"https:\/\/annandaniel.com\/es\/"},{"@type":"ListItem","position":2,"name":"Pol\u00edtica de Env\u00edos"}]},{"@type":"WebSite","@id":"https:\/\/annandaniel.com\/es\/#website","url":"https:\/\/annandaniel.com\/es\/","name":"Anna Dev\u00eds and Daniel Rueda","description":"Creative duo Anna Dev\u00eds and Daniel Rueda tell stories through fun and surprising images taken in unexpected locations from all around the world.","potentialAction":[{"@type":"SearchAction","target":{"@type":"EntryPoint","urlTemplate":"https:\/\/annandaniel.com\/es\/?s={search_term_string}"},"query-input":{"@type":"PropertyValueSpecification","valueRequired":true,"valueName":"search_term_string"}}],"inLanguage":"es"}]}},"_links":{"self":[{"href":"https:\/\/annandaniel.com\/es\/wp-json\/wp\/v2\/pages\/2783","targetHints":{"allow":["GET"]}}],"collection":[{"href":"https:\/\/annandaniel.com\/es\/wp-json\/wp\/v2\/pages"}],"about":[{"href":"https:\/\/annandaniel.com\/es\/wp-json\/wp\/v2\/types\/page"}],"author":[{"embeddable":true,"href":"https:\/\/annandaniel.com\/es\/wp-json\/wp\/v2\/users\/2"}],"replies":[{"embeddable":true,"href":"https:\/\/annandaniel.com\/es\/wp-json\/wp\/v2\/comments?post=2783"}],"version-history":[{"count":0,"href":"https:\/\/annandaniel.com\/es\/wp-json\/wp\/v2\/pages\/2783\/revisions"}],"wp:attachment":[{"href":"https:\/\/annandaniel.com\/es\/wp-json\/wp\/v2\/media?parent=2783"}],"curies":[{"name":"wp","href":"https:\/\/api.w.org\/{rel}","templated":true}]}}