{"id":2647,"date":"2023-06-18T14:12:36","date_gmt":"2023-06-18T12:12:36","guid":{"rendered":"https:\/\/annandaniel.com\/product\/happytecture-book-signed-print-c\/"},"modified":"2025-04-10T23:18:38","modified_gmt":"2025-04-10T21:18:38","slug":"happytecture-libro-firmado-print-c","status":"publish","type":"product","link":"https:\/\/annandaniel.com\/es\/producto\/happytecture-libro-firmado-print-c\/","title":{"rendered":"Happytecture firmado + print C"},"content":{"rendered":"","protected":false},"excerpt":{"rendered":"<div class=\"page\" title=\"Page 3\">\n<div class=\"layoutArea\">\n<div class=\"column\">\n<div class=\"page\" title=\"Page 3\">\n<div class=\"layoutArea\">\n<div class=\"column\">\n<p>&nbsp;<\/p>\n<p class=\"p1\"><em>Happytecture<\/em> es el <span class=\"s1\">esperado primer libro de los<\/span> artistas visuales Anna Dev\u00eds y Daniel Rueda. <span class=\"s1\">Dividido en tres series fotogr\u00e1ficas<\/span>, cada p\u00e1gina es un deleite visual que exhibe el asombroso talento de esta pareja en la habilidad de convertir ubicaciones mundanas en verdaderas obras de arte. Este compendio promete cautivar a los lectores con su mezcla inigualable de originalidad y precisi\u00f3n, buscando estimular su imaginaci\u00f3n y anim\u00e1ndoles a contemplar el mundo desde una perspectiva completamente renovada<\/p>\n<\/div>\n<\/div>\n<\/div>\n<blockquote><p>Dise\u00f1o: Counter-Print<br \/>\nTama\u00f1o: 240&#215;285 mm<br \/>\nP\u00e1ginas: 168<br \/>\nIdioma: Biling\u00fce (ingl\u00e9s y espa\u00f1ol)<br \/>\nEncuadernaci\u00f3n: Tapa dura con cubierta troquelada<br \/>\nISBN: 978-1838186517<\/p><\/blockquote>\n<p>Este set incluye un ejemplar firmado del libro y una litograf\u00eda 20,6 x 20,6 cm a 4 colores de la obra <em>Faceade<\/em>.<\/p>\n<p class=\"p1\">Los gastos de env\u00edo se calculan en el momento de realizar el pago. Para leer m\u00e1s acerca de nuestra pol\u00edtica de env\u00edos y tiempos de entrega estimados haz clic <a href=\"https:\/\/annandaniel.com\/es\/politica-envios\/\" target=\"_blank\" rel=\"noopener\"><u>aqu\u00ed<u><\/u><\/u><\/a>.<\/p>\n<\/div>\n<\/div>\n<\/div>\n","protected":false},"featured_media":2675,"template":"","meta":{"_acf_changed":false},"product_brand":[],"product_cat":[123],"product_tag":[],"class_list":{"0":"post-2647","1":"product","2":"type-product","3":"status-publish","4":"has-post-thumbnail","6":"product_cat-book-es","7":"product_shipping_class-book-es","9":"first","10":"instock","11":"taxable","12":"shipping-taxable","13":"purchasable","14":"product-type-simple"},"acf":[],"yoast_head":"<!-- This site is optimized with the Yoast SEO plugin v26.9 - https:\/\/yoast.com\/product\/yoast-seo-wordpress\/ -->\n<title>Happytecture firmado + print C | Anna Dev\u00eds and Daniel Rueda<\/title>\n<meta name=\"description\" content=\"&#039;Happytecture&#039;: Un cautivador viaje a trav\u00e9s del maravilloso mundo de los artistas visuales espa\u00f1oles Anna Dev\u00eds y Daniel Rueda.\" \/>\n<meta name=\"robots\" content=\"index, follow, max-snippet:-1, max-image-preview:large, max-video-preview:-1\" \/>\n<link rel=\"canonical\" href=\"https:\/\/annandaniel.com\/es\/producto\/happytecture-libro-firmado-print-c\/\" \/>\n<meta property=\"og:locale\" content=\"es_ES\" \/>\n<meta property=\"og:type\" content=\"article\" \/>\n<meta property=\"og:title\" content=\"Happytecture firmado + print C | Anna Dev\u00eds and Daniel Rueda\" \/>\n<meta property=\"og:description\" content=\"&#039;Happytecture&#039;: Un cautivador viaje a trav\u00e9s del maravilloso mundo de los artistas visuales espa\u00f1oles Anna Dev\u00eds y Daniel Rueda.\" \/>\n<meta property=\"og:url\" content=\"https:\/\/annandaniel.com\/es\/producto\/happytecture-libro-firmado-print-c\/\" \/>\n<meta property=\"og:site_name\" content=\"Anna Dev\u00eds and Daniel Rueda\" \/>\n<meta property=\"article:publisher\" content=\"https:\/\/www.facebook.com\/anniset.drcuerda\/\" \/>\n<meta property=\"article:modified_time\" content=\"2025-04-10T21:18:38+00:00\" \/>\n<meta property=\"og:image\" content=\"https:\/\/annandaniel.com\/wp-content\/uploads\/2023\/06\/Happytecture-libro-book-Anna-Devis-Daniel-Rueda-Counter-Print-BooksPrint-C-Thumbnail.jpg\" \/>\n\t<meta property=\"og:image:width\" content=\"1066\" \/>\n\t<meta property=\"og:image:height\" content=\"853\" \/>\n\t<meta property=\"og:image:type\" content=\"image\/jpeg\" \/>\n<meta name=\"twitter:card\" content=\"summary_large_image\" \/>\n<meta name=\"twitter:label1\" content=\"Tiempo de lectura\" \/>\n\t<meta name=\"twitter:data1\" content=\"1 minuto\" \/>\n<script type=\"application\/ld+json\" class=\"yoast-schema-graph\">{\"@context\":\"https:\/\/schema.org\",\"@graph\":[{\"@type\":\"WebPage\",\"@id\":\"https:\/\/annandaniel.com\/es\/producto\/happytecture-libro-firmado-print-c\/\",\"url\":\"https:\/\/annandaniel.com\/es\/producto\/happytecture-libro-firmado-print-c\/\",\"name\":\"Happytecture firmado + print C | Anna Dev\u00eds and Daniel Rueda\",\"isPartOf\":{\"@id\":\"https:\/\/annandaniel.com\/es\/#website\"},\"primaryImageOfPage\":{\"@id\":\"https:\/\/annandaniel.com\/es\/producto\/happytecture-libro-firmado-print-c\/#primaryimage\"},\"image\":{\"@id\":\"https:\/\/annandaniel.com\/es\/producto\/happytecture-libro-firmado-print-c\/#primaryimage\"},\"thumbnailUrl\":\"https:\/\/annandaniel.com\/wp-content\/uploads\/2023\/06\/Happytecture-libro-book-Anna-Devis-Daniel-Rueda-Counter-Print-BooksPrint-C-Thumbnail.jpg\",\"datePublished\":\"2023-06-18T12:12:36+00:00\",\"dateModified\":\"2025-04-10T21:18:38+00:00\",\"description\":\"'Happytecture': Un cautivador viaje a trav\u00e9s del maravilloso mundo de los artistas visuales espa\u00f1oles Anna Dev\u00eds y Daniel Rueda.\",\"breadcrumb\":{\"@id\":\"https:\/\/annandaniel.com\/es\/producto\/happytecture-libro-firmado-print-c\/#breadcrumb\"},\"inLanguage\":\"es\",\"potentialAction\":[{\"@type\":\"ReadAction\",\"target\":[\"https:\/\/annandaniel.com\/es\/producto\/happytecture-libro-firmado-print-c\/\"]}]},{\"@type\":\"ImageObject\",\"inLanguage\":\"es\",\"@id\":\"https:\/\/annandaniel.com\/es\/producto\/happytecture-libro-firmado-print-c\/#primaryimage\",\"url\":\"https:\/\/annandaniel.com\/wp-content\/uploads\/2023\/06\/Happytecture-libro-book-Anna-Devis-Daniel-Rueda-Counter-Print-BooksPrint-C-Thumbnail.jpg\",\"contentUrl\":\"https:\/\/annandaniel.com\/wp-content\/uploads\/2023\/06\/Happytecture-libro-book-Anna-Devis-Daniel-Rueda-Counter-Print-BooksPrint-C-Thumbnail.jpg\",\"width\":1066,\"height\":853,\"caption\":\"Happytecture libro book Anna Dev\u00eds Daniel Rueda Counter-Print Books\"},{\"@type\":\"BreadcrumbList\",\"@id\":\"https:\/\/annandaniel.com\/es\/producto\/happytecture-libro-firmado-print-c\/#breadcrumb\",\"itemListElement\":[{\"@type\":\"ListItem\",\"position\":1,\"name\":\"Portada\",\"item\":\"https:\/\/annandaniel.com\/es\/\"},{\"@type\":\"ListItem\",\"position\":2,\"name\":\"Tienda\",\"item\":\"https:\/\/annandaniel.com\/es\/tienda\/\"},{\"@type\":\"ListItem\",\"position\":3,\"name\":\"Happytecture firmado + print C\"}]},{\"@type\":\"WebSite\",\"@id\":\"https:\/\/annandaniel.com\/es\/#website\",\"url\":\"https:\/\/annandaniel.com\/es\/\",\"name\":\"Anna Dev\u00eds and Daniel Rueda\",\"description\":\"Creative duo Anna Dev\u00eds and Daniel Rueda tell stories through fun and surprising images taken in unexpected locations from all around the world.\",\"potentialAction\":[{\"@type\":\"SearchAction\",\"target\":{\"@type\":\"EntryPoint\",\"urlTemplate\":\"https:\/\/annandaniel.com\/es\/?s={search_term_string}\"},\"query-input\":{\"@type\":\"PropertyValueSpecification\",\"valueRequired\":true,\"valueName\":\"search_term_string\"}}],\"inLanguage\":\"es\"}]}<\/script>\n<!-- \/ Yoast SEO plugin. -->","yoast_head_json":{"title":"Happytecture firmado + print C | Anna Dev\u00eds and Daniel Rueda","description":"'Happytecture': Un cautivador viaje a trav\u00e9s del maravilloso mundo de los artistas visuales espa\u00f1oles Anna Dev\u00eds y Daniel Rueda.","robots":{"index":"index","follow":"follow","max-snippet":"max-snippet:-1","max-image-preview":"max-image-preview:large","max-video-preview":"max-video-preview:-1"},"canonical":"https:\/\/annandaniel.com\/es\/producto\/happytecture-libro-firmado-print-c\/","og_locale":"es_ES","og_type":"article","og_title":"Happytecture firmado + print C | Anna Dev\u00eds and Daniel Rueda","og_description":"'Happytecture': Un cautivador viaje a trav\u00e9s del maravilloso mundo de los artistas visuales espa\u00f1oles Anna Dev\u00eds y Daniel Rueda.","og_url":"https:\/\/annandaniel.com\/es\/producto\/happytecture-libro-firmado-print-c\/","og_site_name":"Anna Dev\u00eds and Daniel Rueda","article_publisher":"https:\/\/www.facebook.com\/anniset.drcuerda\/","article_modified_time":"2025-04-10T21:18:38+00:00","og_image":[{"width":1066,"height":853,"url":"https:\/\/annandaniel.com\/wp-content\/uploads\/2023\/06\/Happytecture-libro-book-Anna-Devis-Daniel-Rueda-Counter-Print-BooksPrint-C-Thumbnail.jpg","type":"image\/jpeg"}],"twitter_card":"summary_large_image","twitter_misc":{"Tiempo de lectura":"1 minuto"},"schema":{"@context":"https:\/\/schema.org","@graph":[{"@type":"WebPage","@id":"https:\/\/annandaniel.com\/es\/producto\/happytecture-libro-firmado-print-c\/","url":"https:\/\/annandaniel.com\/es\/producto\/happytecture-libro-firmado-print-c\/","name":"Happytecture firmado + print C | Anna Dev\u00eds and Daniel Rueda","isPartOf":{"@id":"https:\/\/annandaniel.com\/es\/#website"},"primaryImageOfPage":{"@id":"https:\/\/annandaniel.com\/es\/producto\/happytecture-libro-firmado-print-c\/#primaryimage"},"image":{"@id":"https:\/\/annandaniel.com\/es\/producto\/happytecture-libro-firmado-print-c\/#primaryimage"},"thumbnailUrl":"https:\/\/annandaniel.com\/wp-content\/uploads\/2023\/06\/Happytecture-libro-book-Anna-Devis-Daniel-Rueda-Counter-Print-BooksPrint-C-Thumbnail.jpg","datePublished":"2023-06-18T12:12:36+00:00","dateModified":"2025-04-10T21:18:38+00:00","description":"'Happytecture': Un cautivador viaje a trav\u00e9s del maravilloso mundo de los artistas visuales espa\u00f1oles Anna Dev\u00eds y Daniel Rueda.","breadcrumb":{"@id":"https:\/\/annandaniel.com\/es\/producto\/happytecture-libro-firmado-print-c\/#breadcrumb"},"inLanguage":"es","potentialAction":[{"@type":"ReadAction","target":["https:\/\/annandaniel.com\/es\/producto\/happytecture-libro-firmado-print-c\/"]}]},{"@type":"ImageObject","inLanguage":"es","@id":"https:\/\/annandaniel.com\/es\/producto\/happytecture-libro-firmado-print-c\/#primaryimage","url":"https:\/\/annandaniel.com\/wp-content\/uploads\/2023\/06\/Happytecture-libro-book-Anna-Devis-Daniel-Rueda-Counter-Print-BooksPrint-C-Thumbnail.jpg","contentUrl":"https:\/\/annandaniel.com\/wp-content\/uploads\/2023\/06\/Happytecture-libro-book-Anna-Devis-Daniel-Rueda-Counter-Print-BooksPrint-C-Thumbnail.jpg","width":1066,"height":853,"caption":"Happytecture libro book Anna Dev\u00eds Daniel Rueda Counter-Print Books"},{"@type":"BreadcrumbList","@id":"https:\/\/annandaniel.com\/es\/producto\/happytecture-libro-firmado-print-c\/#breadcrumb","itemListElement":[{"@type":"ListItem","position":1,"name":"Portada","item":"https:\/\/annandaniel.com\/es\/"},{"@type":"ListItem","position":2,"name":"Tienda","item":"https:\/\/annandaniel.com\/es\/tienda\/"},{"@type":"ListItem","position":3,"name":"Happytecture firmado + print C"}]},{"@type":"WebSite","@id":"https:\/\/annandaniel.com\/es\/#website","url":"https:\/\/annandaniel.com\/es\/","name":"Anna Dev\u00eds and Daniel Rueda","description":"Creative duo Anna Dev\u00eds and Daniel Rueda tell stories through fun and surprising images taken in unexpected locations from all around the world.","potentialAction":[{"@type":"SearchAction","target":{"@type":"EntryPoint","urlTemplate":"https:\/\/annandaniel.com\/es\/?s={search_term_string}"},"query-input":{"@type":"PropertyValueSpecification","valueRequired":true,"valueName":"search_term_string"}}],"inLanguage":"es"}]}},"_links":{"self":[{"href":"https:\/\/annandaniel.com\/es\/wp-json\/wp\/v2\/product\/2647","targetHints":{"allow":["GET"]}}],"collection":[{"href":"https:\/\/annandaniel.com\/es\/wp-json\/wp\/v2\/product"}],"about":[{"href":"https:\/\/annandaniel.com\/es\/wp-json\/wp\/v2\/types\/product"}],"wp:featuredmedia":[{"embeddable":true,"href":"https:\/\/annandaniel.com\/es\/wp-json\/wp\/v2\/media\/2675"}],"wp:attachment":[{"href":"https:\/\/annandaniel.com\/es\/wp-json\/wp\/v2\/media?parent=2647"}],"wp:term":[{"taxonomy":"product_brand","embeddable":true,"href":"https:\/\/annandaniel.com\/es\/wp-json\/wp\/v2\/product_brand?post=2647"},{"taxonomy":"product_cat","embeddable":true,"href":"https:\/\/annandaniel.com\/es\/wp-json\/wp\/v2\/product_cat?post=2647"},{"taxonomy":"product_tag","embeddable":true,"href":"https:\/\/annandaniel.com\/es\/wp-json\/wp\/v2\/product_tag?post=2647"}],"curies":[{"name":"wp","href":"https:\/\/api.w.org\/{rel}","templated":true}]}}